{"id":2489,"date":"2020-03-10T07:42:12","date_gmt":"2020-03-10T11:42:12","guid":{"rendered":"https:\/\/feltkutur.com\/salle-de-detente-de-pixi-studio\/"},"modified":"2022-07-29T13:20:00","modified_gmt":"2022-07-29T17:20:00","slug":"salle-de-detente-de-pixi-studio","status":"publish","type":"page","link":"https:\/\/feltkutur.com\/fr\/salle-de-detente-de-pixi-studio\/","title":{"rendered":"Salle de d\u00e9tente Pixi Studio"},"content":{"rendered":"\n<h1>\n\t\tLA SALLE DE D\u00c9TENTE DE PIXI STUDIO\n\t<\/h1>\n<h2>\n\t\tDes panneaux acoustiques D\u00fcotex pour l\u2019insonorisation de la salle de d\u00e9tente de Pixi Studio.\n\t<\/h2>\n<h3>\n\t\tL\u2019AJOUT DE PANNEAUX ACOUSTIQUES MURAUX DANS LE D\u00c9COR : UNE SOLUTION ACOUSTIQUE\n\t<\/h3>\n\t<p>Ayant auparavant travaill\u00e9 avec les panneaux acoustiques Feltk\u00fctur, Pixi Studio a eu l\u2019id\u00e9e d\u2019int\u00e9grer les produits dans le d\u00e9cor du lounge de l\u2019entreprise. Bien que l\u2019esth\u00e9tique du produit soit int\u00e9ressante, ce sont \u00e9galement les propri\u00e9t\u00e9s acoustiques du D\u00fcotex qui ont attir\u00e9 l\u2019attention de l\u2019entreprise. Plusieurs de leurs employ\u00e9s s&#8217;y retrouvent lors des pauses et l\u2019\u00e9cho peut devenir un probl\u00e8me pour la d\u00e9tente.<\/p>\n<p>Les panneaux insonorisants ont \u00e9t\u00e9 appliqu\u00e9s directement au mur gr\u00e2ce \u00e0 une vis, et un cache vis a \u00e9t\u00e9 ajout\u00e9 afin de camoufler la quincaillerie. Les tuiles acoustiques 4\u2019x8\u2019 du D\u00fcotex permettent de cr\u00e9er un effet de longueur gr\u00e2ce \u00e0 l\u2019application des produits Feltk\u00fctur horizontalement. Ce sont les employ\u00e9s qui ont imagin\u00e9 le d\u00e9cor et ils ont fait eux-m\u00eames l\u2019installation des panneaux acoustiques; le r\u00e9sultat est parfait!<\/p>\n\t\t\t\t<img decoding=\"async\" src=\"https:\/\/feltkutur.com\/wp-content\/uploads\/IMG_20190114_154008-scaled.jpg\" alt=\"IMG_20190114_154008\" itemprop=\"image\" title=\"IMG_20190114_154008\" width=\"2560\" height=\"1805\">\n<h2>\n\t\tPIXI STUDIO EST LE PLUS GRAND STUDIO DE VISUALISATION DE PRODUITS AU CANADA\n\t<\/h2>\n\t<p><em>\u00abNotre service sur mesure n\u2019a d\u2019\u00e9gal que la qualit\u00e9 des images et des animations 3D r\u00e9alis\u00e9es par notre \u00e9quipe de passionn\u00e9s. Nos solutions flexibles et innovantes g\u00e9n\u00e8rent un impact fort, attirent l\u2019attention et mettent en valeur les produits de nos clients.\u00bb <\/em>Pixi Studio<\/p>\n\t\t\t\t<img decoding=\"async\" src=\"https:\/\/feltkutur.com\/wp-content\/uploads\/C5A100-image-50-150x150.jpg\" alt=\"C5A100-image-50\" itemprop=\"image\" title=\"C5A100-image-50\" width=\"150\" height=\"150\">\n\t<p>Si vous d\u00e9sirez en conna\u00eetre davantage sur les panneaux acoustiques ou si vous avez un projet qui n\u00e9cessite des panneaux insonorisant, des tuiles acoustiques, des murs acoustiques ou toute autre demande pour du feutre, n&#8217;h\u00e9sitez pas \u00e0 contacter votre repr\u00e9sentant de Quincaillerie Richelieu: <a href=\"https:\/\/feltkutur.com\/fr\/panneaux-acoustiques-duotex\/\">https:\/\/feltkutur.com\/fr\/panneaux-acoustiques-duotex\/<\/a><\/p>\n\t\t\t\t<img decoding=\"async\" src=\"https:\/\/feltkutur.com\/wp-content\/uploads\/richelieu.png\" alt=\"richelieu\" itemprop=\"image\" title=\"richelieu\" width=\"252\" height=\"163\">\n","protected":false},"excerpt":{"rendered":"<p>LA SALLE DE D\u00c9TENTE DE PIXI STUDIO Des panneaux acoustiques D\u00fcotex pour l\u2019insonorisation de la salle de d\u00e9tente de Pixi Studio. L\u2019AJOUT DE PANNEAUX ACOUSTIQUES MURAUX DANS LE D\u00c9COR : UNE SOLUTION ACOUSTIQUE Ayant auparavant travaill\u00e9 avec les panneaux acoustiques Feltk\u00fctur, Pixi Studio a eu l\u2019id\u00e9e d\u2019int\u00e9grer les produits dans le d\u00e9cor du lounge de [&#8230;]<\/p>\n<p><a class=\"btn btn-secondary understrap-read-more-link\" href=\"https:\/\/feltkutur.com\/fr\/salle-de-detente-de-pixi-studio\/\">Read More&#8230;<\/a><\/p>\n","protected":false},"author":1,"featured_media":0,"parent":0,"menu_order":0,"comment_status":"closed","ping_status":"closed","template":"","meta":{"_seopress_robots_primary_cat":"","_seopress_titles_title":"","_seopress_titles_desc":"Des panneaux acoustiques D\u00fcotex pour l\u2019insonorisation de la salle de d\u00e9tente de Pixi Studio. Pixi studio est le plus grand studio de visualisation de produits au Canada!","_seopress_robots_index":"","footnotes":""},"class_list":["post-2489","page","type-page","status-publish"],"_links":{"self":[{"href":"https:\/\/feltkutur.com\/fr\/wp-json\/wp\/v2\/pages\/2489","targetHints":{"allow":["GET"]}}],"collection":[{"href":"https:\/\/feltkutur.com\/fr\/wp-json\/wp\/v2\/pages"}],"about":[{"href":"https:\/\/feltkutur.com\/fr\/wp-json\/wp\/v2\/types\/page"}],"author":[{"embeddable":true,"href":"https:\/\/feltkutur.com\/fr\/wp-json\/wp\/v2\/users\/1"}],"replies":[{"embeddable":true,"href":"https:\/\/feltkutur.com\/fr\/wp-json\/wp\/v2\/comments?post=2489"}],"version-history":[{"count":0,"href":"https:\/\/feltkutur.com\/fr\/wp-json\/wp\/v2\/pages\/2489\/revisions"}],"wp:attachment":[{"href":"https:\/\/feltkutur.com\/fr\/wp-json\/wp\/v2\/media?parent=2489"}],"curies":[{"name":"wp","href":"https:\/\/api.w.org\/{rel}","templated":true}]}}