{"id":2301,"date":"2019-12-02T15:24:50","date_gmt":"2019-12-02T20:24:50","guid":{"rendered":"https:\/\/feltkutur.com\/?page_id=2301"},"modified":"2025-01-09T10:18:50","modified_gmt":"2025-01-09T15:18:50","slug":"collection-entretoise","status":"publish","type":"page","link":"https:\/\/feltkutur.com\/fr\/collection-entretoise\/","title":{"rendered":"Collection Entretoise"},"content":{"rendered":"\n<h3>\n\t\tCOLLECTION ENTRETOISE\n\t<\/h3>\n\t\t\t\t<img decoding=\"async\" src=\"https:\/\/feltkutur.com\/wp-content\/uploads\/Standoff-seul-150x150.jpg\" alt=\"Standoff seul\" itemprop=\"image\" height=\"150\" width=\"150\" title=\"Standoff seul\" onerror=\"this.style.display='none'\"  \/>\n\t<h2>Agencez votre couleur d&#8217;entretoise \u00e0 celle de votre panneau acoustique!\u00a0<\/h2>\n<p><strong>La collection d&#8217;entretoises offre plusieurs choix de couleurs, 9 choix de couleurs de D\u00fcotex et 3 dimensions de panneaux acoustiques D\u00fcotex. Gr\u00e2ce aux entretoises, l&#8217;espace d&#8217;air qui est cr\u00e9\u00e9 permet d&#8217;augmenter la performance acoustique du panneau de feutre D\u00fcotex.<\/strong><\/p>\n\t<h1><a href=\"https:\/\/feltkutur.com\/wp-content\/uploads\/Entretoise-8.5X11-Recto-Verso-FR-MAJ_Sept2019-1.pdf\"><strong>fiche technique &#8211; COLLECTION entretoise<\/strong><\/a><\/h1>\n\n","protected":false},"excerpt":{"rendered":"<p>COLLECTION ENTRETOISE Agencez votre couleur d&#8217;entretoise \u00e0 celle de votre panneau acoustique!\u00a0 La collection d&#8217;entretoises offre plusieurs choix de couleurs, 9 choix de couleurs de D\u00fcotex et 3 dimensions de panneaux acoustiques D\u00fcotex. Gr\u00e2ce aux entretoises, l&#8217;espace d&#8217;air qui est cr\u00e9\u00e9 permet d&#8217;augmenter la performance acoustique du panneau de feutre D\u00fcotex. fiche technique &#8211; COLLECTION [&#8230;]<\/p>\n<p><a class=\"btn btn-secondary understrap-read-more-link\" href=\"https:\/\/feltkutur.com\/fr\/collection-entretoise\/\">Read More&#8230;<\/a><\/p>\n","protected":false},"author":1,"featured_media":0,"parent":0,"menu_order":0,"comment_status":"closed","ping_status":"closed","template":"","meta":{"_seopress_robots_primary_cat":"","_seopress_titles_title":"","_seopress_titles_desc":"La collection d\u2019entretoise offre 14 choix de couleurs d\u2019entretoises, 9 choix de couleurs de D\u00fcotex et 3 dimensions de panneaux acoustiques D\u00fcotex.","_seopress_robots_index":"","footnotes":""},"class_list":["post-2301","page","type-page","status-publish"],"_links":{"self":[{"href":"https:\/\/feltkutur.com\/fr\/wp-json\/wp\/v2\/pages\/2301","targetHints":{"allow":["GET"]}}],"collection":[{"href":"https:\/\/feltkutur.com\/fr\/wp-json\/wp\/v2\/pages"}],"about":[{"href":"https:\/\/feltkutur.com\/fr\/wp-json\/wp\/v2\/types\/page"}],"author":[{"embeddable":true,"href":"https:\/\/feltkutur.com\/fr\/wp-json\/wp\/v2\/users\/1"}],"replies":[{"embeddable":true,"href":"https:\/\/feltkutur.com\/fr\/wp-json\/wp\/v2\/comments?post=2301"}],"version-history":[{"count":0,"href":"https:\/\/feltkutur.com\/fr\/wp-json\/wp\/v2\/pages\/2301\/revisions"}],"wp:attachment":[{"href":"https:\/\/feltkutur.com\/fr\/wp-json\/wp\/v2\/media?parent=2301"}],"curies":[{"name":"wp","href":"https:\/\/api.w.org\/{rel}","templated":true}]}}