{"id":2222,"date":"2018-11-14T15:44:03","date_gmt":"2018-11-14T15:44:03","guid":{"rendered":"https:\/\/feltkutur.com\/duotex-tahmea-2\/"},"modified":"2025-07-07T12:03:17","modified_gmt":"2025-07-07T16:03:17","slug":"panneaux-acoustiques-duotex-tahmea","status":"publish","type":"page","link":"https:\/\/feltkutur.com\/fr\/panneaux-acoustiques-duotex-tahmea\/","title":{"rendered":"Panneaux acoustiques D\u00fcotex-Tahmea"},"content":{"rendered":"\n<h1>\n\t\tD\u00dcOTEX TAHMEA\n\t<\/h1>\n\t<p>Le Tahmea est la combinaison d&#8217;un panneau D\u00fcotex et d&#8217;une technologie adh\u00e9sive appliqu\u00e9e \u00e0 l&#8217;arri\u00e8re:<\/p>\n<ul>\n<li>Lamination d&#8217;un adh\u00e9sif appliqu\u00e9 \u00e0 l&#8217;arri\u00e8re du panneau<\/li>\n<li>Facilite l&#8217;installation du panneau acoustique D\u00fcotex<\/li>\n<li>Facile \u00e0 utiliser; d\u00e9collez et appliquez sur le mur ou sur un panneau acoustique D\u00fcotex <\/li>\n<li>Id\u00e9al pour vos projets de tuiles acoustiques <\/li>\n<li>Id\u00e9al pour vos applications murales<br \/>\n<\/li>\n<li>Classement au feu (feutre seulement): ASTM E-84<\/li>\n<li>Dimensions du panneau: 48,8&#8243; (1,24\u2009m) x 96,8&#8243; (2,46\u2009m) (\u00b110%)<\/li>\n<\/ul>\n\t<p><a href=\"https:\/\/www.richelieu.com\/ca\/fr\/categorie\/surfaces-panneaux-et-bandes-de-chant\/panneaux-feltkutur\/collection-tahmea\/1212367?sort=&amp;nbPerPage=48&amp;setlang=1\" target=\"_blank\" rel=\"noopener\">Contactez-nous<\/a><\/p>\n\t<p><strong>COULEURS<\/strong><\/p>\n<img decoding=\"async\" src=\"https:\/\/feltkutur.com\/wp-content\/uploads\/tan-perce.jpg\" alt=\"\" width=\" 95\" height=\"95\" \/><br \/>\nBeige Perc\u00e9\nT\u00e9l\u00e9charger <br \/>\ntexture\n<img decoding=\"async\" src=\"https:\/\/feltkutur.com\/wp-content\/uploads\/tex2018-09_feutres_brun_woburn_final_v1_02-1.jpg\" alt=\"\" width=\"95\" height=\"95\" \/><br \/>\nBeige Woburn\nT\u00e9l\u00e9charger <br \/>\ntexture\n<img decoding=\"async\" src=\"https:\/\/feltkutur.wpengine.com\/wp-content\/uploads\/tex2017-09_feutres_duotex_brown_wendake_v1_01_edited-150x150.jpg\" alt=\"\" width=\"95\" height=\"95\" \/><br \/>\nNoir Dunham\nT\u00e9l\u00e9charger <br \/>\ntexture\n<img decoding=\"async\" src=\"https:\/\/feltkutur.com\/wp-content\/uploads\/tex2018-09_feutres_gris_st-sebastien_final_v1_01-1.jpg\" alt=\"\" width=\"95\" height=\"95\" \/><br \/>\nGris St-Sebastien\nT\u00e9l\u00e9charger <br \/>\ntexture\n<img decoding=\"async\" src=\"https:\/\/feltkutur.wpengine.com\/wp-content\/uploads\/tex2017-09_feutres_duotex_gris_clair_poc_v1_02_edited-150x150.jpg\" alt=\"\" width=\"95\" height=\"95\" \/><br \/>\nGris Westmont\nT\u00e9l\u00e9charger <br \/>\ntexture\n<img decoding=\"async\" src=\"https:\/\/feltkutur.wpengine.com\/wp-content\/uploads\/tex2017-09_feutres_duotex_gris_fonce_poc_v1_02_edited-150x150.jpg\" alt=\"\" width=\"95\" height=\"95\" \/><br \/>\nGris Fermont\nT\u00e9l\u00e9charger <br \/>\ntexture\n<img decoding=\"async\" src=\"https:\/\/feltkutur.wpengine.com\/wp-content\/uploads\/tex2017-11_feutres_rouge_rouge_mont_appro1_v1_06_edited-150x150.jpg\" alt=\"\" width=\"95\" height=\"95\" \/><br \/>\nRougemont\nT\u00e9l\u00e9charger <br \/>\ntexture\n<img decoding=\"async\" src=\"https:\/\/feltkutur.wpengine.com\/wp-content\/uploads\/tex2017-11_feutres_vert_Ste_Marie_appro1_v1_02_edited-1-150x150.jpg\" alt=\"\" width=\"95\" height=\"95\" \/><br \/>\nVert Ste-Marie\nT\u00e9l\u00e9charger <br \/>\ntexture\n<img decoding=\"async\" src=\"https:\/\/feltkutur.wpengine.com\/wp-content\/uploads\/tex2017-11_feutres_bleu_St-George_appro1_v1_02_edited-150x150.jpg\" alt=\"\" width=\"95\" height=\"95\" \/><br \/>\nBleu St-Georges\nT\u00e9l\u00e9charger <br \/>\ntexture\n<img decoding=\"async\" src=\"https:\/\/feltkutur.wpengine.com\/wp-content\/uploads\/white-cote-neige.jpg\" alt=\"\" width=\"95\" height=\"95\" \/><br \/>\nBlanc C\u00f4te-des-Neiges\nT\u00e9l\u00e9charger <br \/>\ntexture\n\t<iframe id=\"lightbeans\" src=\"https:\/\/v-api.lightbeans.com\/organizations\/alkegen\/products\/duotex-tan-perce?showFullscreenButton=true\" width=\"500\" height=\"350\" frameborder=\"0\"><br \/>\n        <\/iframe>\n\t<p><a href=\"https:\/\/feltkutur.com\/wp-content\/uploads\/Tahmea-SDS.pdf\" target=\"_blank\" rel=\"noopener\">FICHE DE DONN\u00c9ES DE S\u00c9CURIT\u00c9<\/a><\/p>\n\t\t\t\t<img decoding=\"async\" src=\"https:\/\/feltkutur.com\/wp-content\/uploads\/ezgif.com-video-to-gif-1fr.gif\" alt=\"ezgif.com-video-to-gif (1)fr\" itemprop=\"image\" height=\"338\" width=\"600\" title=\"ezgif.com-video-to-gif (1)fr\" onerror=\"this.style.display='none'\"  \/>\n\n","protected":false},"excerpt":{"rendered":"<p>D\u00dcOTEX TAHMEA Le Tahmea est la combinaison d&#8217;un panneau D\u00fcotex et d&#8217;une technologie adh\u00e9sive appliqu\u00e9e \u00e0 l&#8217;arri\u00e8re: Lamination d&#8217;un adh\u00e9sif appliqu\u00e9 \u00e0 l&#8217;arri\u00e8re du panneau Facilite l&#8217;installation du panneau acoustique D\u00fcotex Facile \u00e0 utiliser; d\u00e9collez et appliquez sur le mur ou sur un panneau acoustique D\u00fcotex Id\u00e9al pour vos projets de tuiles acoustiques Id\u00e9al pour [&#8230;]<\/p>\n<p><a class=\"btn btn-secondary understrap-read-more-link\" href=\"https:\/\/feltkutur.com\/fr\/panneaux-acoustiques-duotex-tahmea\/\">Read More&#8230;<\/a><\/p>\n","protected":false},"author":1,"featured_media":0,"parent":0,"menu_order":0,"comment_status":"closed","ping_status":"closed","template":"page-templates\/fullwidthpage.php","meta":{"_seopress_robots_primary_cat":"","_seopress_titles_title":"","_seopress_titles_desc":"Le Tahmea est la combinaison d\u2019un panneau acoustique D\u00fcotex et d\u2019une technologie adh\u00e9sive appliqu\u00e9e \u00e0 l\u2019arri\u00e8re","_seopress_robots_index":"","footnotes":""},"class_list":["post-2222","page","type-page","status-publish"],"_links":{"self":[{"href":"https:\/\/feltkutur.com\/fr\/wp-json\/wp\/v2\/pages\/2222","targetHints":{"allow":["GET"]}}],"collection":[{"href":"https:\/\/feltkutur.com\/fr\/wp-json\/wp\/v2\/pages"}],"about":[{"href":"https:\/\/feltkutur.com\/fr\/wp-json\/wp\/v2\/types\/page"}],"author":[{"embeddable":true,"href":"https:\/\/feltkutur.com\/fr\/wp-json\/wp\/v2\/users\/1"}],"replies":[{"embeddable":true,"href":"https:\/\/feltkutur.com\/fr\/wp-json\/wp\/v2\/comments?post=2222"}],"version-history":[{"count":0,"href":"https:\/\/feltkutur.com\/fr\/wp-json\/wp\/v2\/pages\/2222\/revisions"}],"wp:attachment":[{"href":"https:\/\/feltkutur.com\/fr\/wp-json\/wp\/v2\/media?parent=2222"}],"curies":[{"name":"wp","href":"https:\/\/api.w.org\/{rel}","templated":true}]}}