{"id":2001,"date":"2019-06-03T17:26:54","date_gmt":"2019-06-03T17:26:54","guid":{"rendered":"http:\/\/feltkutur.com\/reception-texel\/"},"modified":"2019-06-03T17:37:55","modified_gmt":"2019-06-03T17:37:55","slug":"reception-texel","status":"publish","type":"page","link":"https:\/\/feltkutur.com\/fr\/reception-texel\/","title":{"rendered":"R\u00e9ception Texel"},"content":{"rendered":"\n\t<p>R\u00c9CEPTION TEXEL<\/p>\n<ul>\n<li>Facile \u00e0 installer<\/li>\n<li>Feutre adh\u00e9sif <em>D\u00fcotex Tahmea<\/em><\/li>\n<li>Designez votre environnement<\/li>\n<li>Performance acoustique<\/li>\n<\/ul>\n<h3>\n\t\tInstallation\n\t<\/h3>\n\t<h1>UN PROJET SIGN\u00e9\u00a0<\/h1>\n\t\t\t\t<img decoding=\"async\" src=\"http:\/\/feltkutur.com\/wp-content\/uploads\/FELTKUTUR_Logo_CYAN-1.jpg\" alt=\"FELTKUTUR_Logo_CYAN\" itemprop=\"image\" height=\"1013\" width=\"3150\" title=\"FELTKUTUR_Logo_CYAN\"  \/>\n","protected":false},"excerpt":{"rendered":"<p>R\u00c9CEPTION TEXEL Facile \u00e0 installer Feutre adh\u00e9sif D\u00fcotex Tahmea Designez votre environnement Performance acoustique Installation UN PROJET SIGN\u00e9\u00a0 [&#8230;]<\/p>\n<p><a class=\"btn btn-secondary understrap-read-more-link\" href=\"https:\/\/feltkutur.com\/fr\/reception-texel\/\">Read More&#8230;<\/a><\/p>\n","protected":false},"author":1,"featured_media":0,"parent":0,"menu_order":0,"comment_status":"closed","ping_status":"closed","template":"","meta":{"_seopress_robots_primary_cat":"","_seopress_titles_title":"","_seopress_titles_desc":"","_seopress_robots_index":"","footnotes":""},"class_list":["post-2001","page","type-page","status-publish"],"_links":{"self":[{"href":"https:\/\/feltkutur.com\/fr\/wp-json\/wp\/v2\/pages\/2001","targetHints":{"allow":["GET"]}}],"collection":[{"href":"https:\/\/feltkutur.com\/fr\/wp-json\/wp\/v2\/pages"}],"about":[{"href":"https:\/\/feltkutur.com\/fr\/wp-json\/wp\/v2\/types\/page"}],"author":[{"embeddable":true,"href":"https:\/\/feltkutur.com\/fr\/wp-json\/wp\/v2\/users\/1"}],"replies":[{"embeddable":true,"href":"https:\/\/feltkutur.com\/fr\/wp-json\/wp\/v2\/comments?post=2001"}],"version-history":[{"count":0,"href":"https:\/\/feltkutur.com\/fr\/wp-json\/wp\/v2\/pages\/2001\/revisions"}],"wp:attachment":[{"href":"https:\/\/feltkutur.com\/fr\/wp-json\/wp\/v2\/media?parent=2001"}],"curies":[{"name":"wp","href":"https:\/\/api.w.org\/{rel}","templated":true}]}}