{"id":1954,"date":"2019-04-16T17:51:17","date_gmt":"2019-04-16T17:51:17","guid":{"rendered":"http:\/\/feltkutur.com\/melissa-hamel\/"},"modified":"2019-04-16T20:16:10","modified_gmt":"2019-04-16T20:16:10","slug":"melissa-hamel","status":"publish","type":"page","link":"https:\/\/feltkutur.com\/fr\/melissa-hamel\/","title":{"rendered":"M\u00e9lissa Hamel"},"content":{"rendered":"<h3>\n\t\tM\u00c9LISSA HAMEL\n\t<\/h3>\n<h3>\n\t\tPROJET R\u00c9SIDENTIEL\n\t<\/h3>\n\t<p>Le principal objectif de ce projet \u00e9tait de contr\u00f4ler les probl\u00e8mes d\u2019\u00e9cho dans la salle familiale de madame M\u00e9lissa Hamel, repr\u00e9sentante \u00e0 la sp\u00e9cification chez Distribution 2020. Madame Hamel a pens\u00e9 aux propri\u00e9t\u00e9s acoustiques et au design que le feutre D\u00fcotex 6.4mm brun Wendake pouvait offrir. <\/p>\n<p>Comme elle avait travaill\u00e9 \u00e0 plusieurs reprises avec les panneaux D\u00fcotex dans le cadre de son travail, madame Hamel connaissait d\u00e9j\u00e0 les performances du produit et elle a eu l\u2019id\u00e9e de faire elle-m\u00eame un concept acoustique \u00e0 sa propre r\u00e9sidence pour palier \u00e0 son probl\u00e8me d\u2019\u00e9cho. Depuis l\u2019installation des panneaux acoustiques dans sa salle familiale, elle peut profiter d\u2019une ambiance plus agr\u00e9able mariant fonctionnalit\u00e9 et design.<\/p>\n\t\t\t\t<img decoding=\"async\" src=\"http:\/\/feltkutur.com\/wp-content\/uploads\/IMG_7403-3.jpg\" alt=\"IMG_7403-3\" itemprop=\"image\" height=\"2579\" width=\"3867\" title=\"IMG_7403-3\"  \/>\n<h3>\n\t\tCe projet a \u00e9t\u00e9 r\u00e9alis\u00e9 par\n\t<\/h3>\n<h3>\n\t\tM\u00e9lissa Hamel, repr\u00e9sentante \u00e0 la sp\u00e9cification chez Distribution 2020.\n\t<\/h3>\n\t\t\t\t<img decoding=\"async\" src=\"http:\/\/feltkutur.com\/wp-content\/uploads\/FELTKUTUR_Logo_CYAN-1-300x96.jpg\" alt=\"FELTKUTUR_Logo_CYAN\" itemprop=\"image\" height=\"96\" width=\"300\" title=\"FELTKUTUR_Logo_CYAN\"  \/>\n","protected":false},"excerpt":{"rendered":"<p>M\u00c9LISSA HAMEL PROJET R\u00c9SIDENTIEL Le principal objectif de ce projet \u00e9tait de contr\u00f4ler les probl\u00e8mes d\u2019\u00e9cho dans la salle familiale de madame M\u00e9lissa Hamel, repr\u00e9sentante \u00e0 la sp\u00e9cification chez Distribution 2020. Madame Hamel a pens\u00e9 aux propri\u00e9t\u00e9s acoustiques et au design que le feutre D\u00fcotex 6.4mm brun Wendake pouvait offrir. Comme elle avait travaill\u00e9 \u00e0 [&#8230;]<\/p>\n<p><a class=\"btn btn-secondary understrap-read-more-link\" href=\"https:\/\/feltkutur.com\/fr\/melissa-hamel\/\">Read More&#8230;<\/a><\/p>\n","protected":false},"author":1,"featured_media":0,"parent":0,"menu_order":0,"comment_status":"closed","ping_status":"closed","template":"","meta":{"_seopress_robots_primary_cat":"","_seopress_titles_title":"","_seopress_titles_desc":"","_seopress_robots_index":"","footnotes":""},"class_list":["post-1954","page","type-page","status-publish"],"_links":{"self":[{"href":"https:\/\/feltkutur.com\/fr\/wp-json\/wp\/v2\/pages\/1954","targetHints":{"allow":["GET"]}}],"collection":[{"href":"https:\/\/feltkutur.com\/fr\/wp-json\/wp\/v2\/pages"}],"about":[{"href":"https:\/\/feltkutur.com\/fr\/wp-json\/wp\/v2\/types\/page"}],"author":[{"embeddable":true,"href":"https:\/\/feltkutur.com\/fr\/wp-json\/wp\/v2\/users\/1"}],"replies":[{"embeddable":true,"href":"https:\/\/feltkutur.com\/fr\/wp-json\/wp\/v2\/comments?post=1954"}],"version-history":[{"count":0,"href":"https:\/\/feltkutur.com\/fr\/wp-json\/wp\/v2\/pages\/1954\/revisions"}],"wp:attachment":[{"href":"https:\/\/feltkutur.com\/fr\/wp-json\/wp\/v2\/media?parent=1954"}],"curies":[{"name":"wp","href":"https:\/\/api.w.org\/{rel}","templated":true}]}}