{"id":1815,"date":"2019-02-07T20:26:37","date_gmt":"2019-02-07T20:26:37","guid":{"rendered":"http:\/\/feltkutur.com\/tutorat-saguenay\/"},"modified":"2019-02-14T16:11:29","modified_gmt":"2019-02-14T16:11:29","slug":"tutorat-saguenay","status":"publish","type":"page","link":"https:\/\/feltkutur.com\/fr\/tutorat-saguenay\/","title":{"rendered":"Tutorat Saguenay"},"content":{"rendered":"\n\t\t\t\t<a href=\"#intro\" target=\"_self\" itemprop=\"url\">\n\t\t\t\t<img decoding=\"async\" src=\"http:\/\/feltkutur.com\/wp-content\/plugins\/bb-plugin\/img\/pixel.png\" alt=\"\" itemprop=\"image\"  \/>\n\t\t\t\t<\/a>\n\t\t\t\t<a href=\"#intro\" target=\"_self\" itemprop=\"url\">\n\t\t\t\t<img decoding=\"async\" src=\"http:\/\/feltkutur.com\/wp-content\/plugins\/bb-plugin\/img\/pixel.png\" alt=\"\" itemprop=\"image\"  \/>\n\t\t\t\t<\/a>\n\t\t\t\t<a href=\"#intro\" target=\"_self\" itemprop=\"url\">\n\t\t\t\t<img decoding=\"async\" src=\"http:\/\/feltkutur.com\/wp-content\/uploads\/10245408_272321562940323_6705917211801655160_n222222-260x300.png\" alt=\"10245408_272321562940323_6705917211801655160_n222222\" itemprop=\"image\" height=\"300\" width=\"260\" title=\"10245408_272321562940323_6705917211801655160_n222222\"  \/>\n\t\t\t\t<\/a>\n<h3>\n\t\tTUTORAT SAGUENAY\n\t<\/h3>\n\t<h1>TUTORAT SAGUENAY<\/h1>\n\t<h2>&#8211; ENTREPRISE &#8211;<\/h2>\n<p>Cette entreprise, situ\u00e9e au Saguenay, offre un service d&#8217;enseignement personnalis\u00e9 directement \u00e9labor\u00e9 en fonction des besoins de l\u2019enfant. Offrant plusieurs services comme le soutien personnalis\u00e9 \u00e0 l&#8217;apprentissage pour les \u00e9l\u00e8ves ayant des besoins particuliers, l\u2019\u00e9ducation \u00e0 domicile pour les enfants scolaris\u00e9s \u00e0 la maison et plus encore, la demande a commenc\u00e9 \u00e0 grandir et le besoin d\u2019un local plus grand s\u2019est fait ressentir.<\/p>\n\t<h2>&#8211; UTILISATION DE NOS FEUTRES &#8211;<\/h2>\n<p>C\u2019est en r\u00e9novant leur nouveau local que la propri\u00e9taire de Tutorat Saguenay nous a contact\u00e9s afin d\u2019en conna\u00eetre davantage sur nos produits. Elle recherchait une mati\u00e8re pouvant \u00eatre appliqu\u00e9e sur le mur et offrant des propri\u00e9t\u00e9s de punaisabilit\u00e9. Le panneau feutr\u00e9 D\u00fcotex<sup>TM<\/sup> de couleur beige Woburn a su r\u00e9pondre parfaitement \u00e0 ses besoins. En plus d\u2019\u00eatre utile pour y apposer certains renseignements importants sur le mur, il offre une ambiance feutr\u00e9e dans le local.<\/p>\n<h3>\n\t\tUN AUTRE PROJET SIGN\u00c9 FELTK\u00dcTUR!\n\t<\/h3>\n\t\t\t\t<img decoding=\"async\" src=\"http:\/\/feltkutur.com\/wp-content\/uploads\/FELTKUTUR_Logo_ORANGE_021-300x96.jpg\" alt=\"FELTKUTUR_Logo_ORANGE_021\" itemprop=\"image\" height=\"96\" width=\"300\" title=\"FELTKUTUR_Logo_ORANGE_021\"  \/>\n","protected":false},"excerpt":{"rendered":"<p>TUTORAT SAGUENAY TUTORAT SAGUENAY &#8211; ENTREPRISE &#8211; Cette entreprise, situ\u00e9e au Saguenay, offre un service d&#8217;enseignement personnalis\u00e9 directement \u00e9labor\u00e9 en fonction des besoins de l\u2019enfant. Offrant plusieurs services comme le soutien personnalis\u00e9 \u00e0 l&#8217;apprentissage pour les \u00e9l\u00e8ves ayant des besoins particuliers, l\u2019\u00e9ducation \u00e0 domicile pour les enfants scolaris\u00e9s \u00e0 la maison et plus encore, la [&#8230;]<\/p>\n<p><a class=\"btn btn-secondary understrap-read-more-link\" href=\"https:\/\/feltkutur.com\/fr\/tutorat-saguenay\/\">Read More&#8230;<\/a><\/p>\n","protected":false},"author":1,"featured_media":0,"parent":0,"menu_order":0,"comment_status":"closed","ping_status":"closed","template":"","meta":{"_seopress_robots_primary_cat":"","_seopress_titles_title":"","_seopress_titles_desc":"","_seopress_robots_index":"","footnotes":""},"class_list":["post-1815","page","type-page","status-publish"],"_links":{"self":[{"href":"https:\/\/feltkutur.com\/fr\/wp-json\/wp\/v2\/pages\/1815","targetHints":{"allow":["GET"]}}],"collection":[{"href":"https:\/\/feltkutur.com\/fr\/wp-json\/wp\/v2\/pages"}],"about":[{"href":"https:\/\/feltkutur.com\/fr\/wp-json\/wp\/v2\/types\/page"}],"author":[{"embeddable":true,"href":"https:\/\/feltkutur.com\/fr\/wp-json\/wp\/v2\/users\/1"}],"replies":[{"embeddable":true,"href":"https:\/\/feltkutur.com\/fr\/wp-json\/wp\/v2\/comments?post=1815"}],"version-history":[{"count":0,"href":"https:\/\/feltkutur.com\/fr\/wp-json\/wp\/v2\/pages\/1815\/revisions"}],"wp:attachment":[{"href":"https:\/\/feltkutur.com\/fr\/wp-json\/wp\/v2\/media?parent=1815"}],"curies":[{"name":"wp","href":"https:\/\/api.w.org\/{rel}","templated":true}]}}