{"id":1489,"date":"2018-10-01T18:23:18","date_gmt":"2018-10-01T18:23:18","guid":{"rendered":"http:\/\/feltkutur.com\/webzine\/"},"modified":"2019-03-28T15:26:27","modified_gmt":"2019-03-28T15:26:27","slug":"stories","status":"publish","type":"page","link":"https:\/\/feltkutur.com\/fr\/stories\/","title":{"rendered":"Nouvelles"},"content":{"rendered":"\n\t\t\t\t<img decoding=\"async\" src=\"http:\/\/feltkutur.com\/wp-content\/uploads\/file2-4-004_edited.jpg\" alt=\"file2-4 (004)_edited\" itemprop=\"image\" height=\"339\" width=\"1353\" title=\"file2-4 (004)_edited\"  \/>\n\t\t\t\t<a href=\"http:\/\/feltkutur.com\/wp-content\/uploads\/Lhistoire-de-Texel-2_FR-1.pdf\" target=\"_blank\" rel=\"noopener\"  itemprop=\"url\">\n\t\t\t\t<img decoding=\"async\" src=\"http:\/\/feltkutur.com\/wp-content\/uploads\/Lhistoire-de-Texel-2.1-GIF_FR-2.gif\" alt=\"L'histoire de Texel (2.1) GIF_FR\" itemprop=\"image\" height=\"600\" width=\"600\" title=\"L'histoire de Texel (2.1) GIF_FR\"  \/>\n\t\t\t\t<\/a>\n\t<h3>\u00a0<\/h3>\n<h3>\u00a0<\/h3>\n<h3>\u00a0<\/h3>\n<h3><a href=\"..\/..\/wp-content\/uploads\/Lhistoire-de-Texel-2_FR-1.pdf\">FELTK\u00dcTUR, FAIT AU QU\u00c9BEC DEPUIS 1967<\/a><\/h3>\n<p>&nbsp;<\/p>\n<p><a href=\"..\/..\/wp-content\/uploads\/Lhistoire-de-Texel-2_FR-1.pdf\">En 1977, pour la premi\u00e8re fois de son histoire, Texel d\u00e9passe le million de dollars en chiffre d\u2019affaires. En 1980, Texel continue de cro\u00eetre, l\u2019entreprise engage son premier directeur g\u00e9n\u00e9ral,\u00a0 [\u2026]<\/a><\/p>\n\t\t\t\t<a href=\"http:\/\/feltkutur.com\/wp-content\/uploads\/Lhistoire-de-Texel-1_FR.pdf\" target=\"_blank\" rel=\"noopener\"  itemprop=\"url\">\n\t\t\t\t<img decoding=\"async\" src=\"http:\/\/feltkutur.com\/wp-content\/uploads\/Lhistoire-de-Texel-1-GIF_FR.gif\" alt=\"L'histoire de Texel (1) GIF_FR\" itemprop=\"image\" height=\"400\" width=\"400\" title=\"L'histoire de Texel (1) GIF_FR\"  \/>\n\t\t\t\t<\/a>\n\t<h3><a href=\"..\/..\/wp-content\/uploads\/Lhistoire-de-Texel-1_FR.pdf\">FELTK\u00dcTUR: FAIT AU QU\u00c9BEC DEPUIS 1967<\/a><br \/>\n<\/h3>\n<p><a href=\"..\/..\/wp-content\/uploads\/Lhistoire-de-Texel-1_FR.pdf\">On se souvient que l\u2019ann\u00e9e 1967 fut marqu\u00e9e par l\u2019expo\u00a0ainsi que l\u2019inauguration du m\u00e9tro de Montr\u00e9al, ce fut\u00a0\u00e9galement l\u2019ann\u00e9e de fondation de Texel. Et oui, c\u2019est en\u00a01967, que le groupe Chass\u00e9 fonda Texel. \u00c0 ses d\u00e9buts,\u00a0l\u2019entreprise ne comptait seulement que deux employ\u00e9s.\u00a0\u00c0 ce moment, la superficie totale \u00e9tait de 10 240 pieds\u00a0carr\u00e9s r\u00e9partie sur deux \u00e9tages&#8230;<\/a><\/p>\n\t\t\t\t<a href=\"http:\/\/feltkutur.com\/wp-content\/uploads\/Article-Embossage_FR-1.pdf\" target=\"_blank\" rel=\"noopener\"  itemprop=\"url\">\n\t\t\t\t<img decoding=\"async\" src=\"http:\/\/feltkutur.com\/wp-content\/uploads\/Webp.net-gifmaker-6.gif\" alt=\"Webp.net-gifmaker (6)\" itemprop=\"image\" height=\"535\" width=\"1100\" title=\"Webp.net-gifmaker (6)\"  \/>\n\t\t\t\t<\/a>\n\t<a href=\"http:\/\/feltkutur.com\/wp-content\/uploads\/Article-Embossage_FR-1.pdf\" target=\"_blank\" rel=\"noopener\">EMBOSSAGE PERSONNALIS\u00c9<\/a><br \/>\n<a href=\"http:\/\/feltkutur.com\/wp-content\/uploads\/Article-Embossage_FR-1.pdf\" target=\"_blank\" rel=\"noopener\">Personnalisez vos projets, comme vos panneaux de modestie, vos panneaux acoustiques et vos cr\u00e9ations de tuiles murales en ajoutant un embossage personnalis\u00e9. Ajoutez du relief sur les panneaux de feutre Feltk\u00fctur. Embossez votre dessin, votre motif ou votre logo. Tr\u00e8s facile \u00e0 r\u00e9aliser, envoyez le motif ou dessin en format *.DXF et le tour est jou\u00e9&#8230;.<\/a>\n\t<iframe width=\"560\" height=\"315\" src=\"https:\/\/www.youtube.com\/embed\/QGzvfJMZ3Kk\" frameborder=\"0\" allow=\"accelerometer; autoplay; encrypted-media; gyroscope; picture-in-picture\" allowfullscreen><\/iframe>\n\tPOCHETTE iPAD KOTMO<br \/>\nPens\u00e9e et dessin\u00e9e par une \u00e9quipe de cr\u00e9ateurs chez Kotmo, notre pochette iPad est compos\u00e9e de notre feutre et est fi\u00e8rement\u00a0fabriqu\u00e9e\u00a0au Qu\u00e9bec. Tout en offrant un style feutr\u00e9, son utilit\u00e9 lors des d\u00e9placements professionnels ou personnels comblera les attentes de ses utilisateurs.<br \/>\n<a href=\"https:\/\/kotmo.ca\"><em>https:\/\/kotmo.ca<\/em><\/a>\n\t<meta itemprop=\"url\" content=\"http:\/\/feltkutur.com\/wp-content\/uploads\/FELKUTUR-FR-avec-son.mp4\" \/><meta itemprop=\"thumbnail\" content=\"http:\/\/feltkutur.com\/wp-content\/uploads\/tex2018-09_tahmea_anim_img_fr_03-16-9.jpg\" \/><div style=\"width: 100px;\" class=\"wp-video\"><video class=\"wp-video-shortcode\" id=\"video-1489-1\" width=\"100\" height=\"100\" poster=\"http:\/\/feltkutur.com\/wp-content\/uploads\/tex2018-09_tahmea_anim_img_fr_03-16-9.jpg\" preload=\"none\" controls=\"controls\"><source type=\"video\/mp4\" src=\"http:\/\/feltkutur.com\/wp-content\/uploads\/FELKUTUR-FR-avec-son.mp4?_=1\" \/><a href=\"http:\/\/feltkutur.com\/wp-content\/uploads\/FELKUTUR-FR-avec-son.mp4\">http:\/\/feltkutur.com\/wp-content\/uploads\/FELKUTUR-FR-avec-son.mp4<\/a><\/video><\/div>\n\t<strong>NOUVEAU PRODUIT: D\u00dcOTEX TAHMEA<br \/>\n<\/strong>Tahmea est un mot d\u2019origine finnoise signifiant collant et adh\u00e9sif. C\u2019est exactement cette texture que nous retrouvons \u00e0 l\u2019arri\u00e8re du nouveau panneau feutr\u00e9 autocollant Tahmea pouvant s\u2019accoler directement au mur.\n\t\t\t\t<a href=\"http:\/\/feltkutur.com\/wp-content\/uploads\/Article-St-Sebastien-Variety-of-gray-st-sebastien_Final_FR.pdf\" target=\"_blank\" rel=\"noopener\"  itemprop=\"url\">\n\t\t\t\t<img decoding=\"async\" src=\"http:\/\/feltkutur.com\/wp-content\/uploads\/Article-St-Sebastien-Variety-of-gray-St-sebastien_ImageReseauSociaux_FR.png\" alt=\"Article St-Sebastien - Variety of gray St-sebastien_ImageReseauSociaux_FR\" itemprop=\"image\" height=\"800\" width=\"800\" title=\"Article St-Sebastien - Variety of gray St-sebastien_ImageReseauSociaux_FR\"  \/>\n\t\t\t\t<\/a>\n\t<h5><a href=\"http:\/\/feltkutur.com\/wp-content\/uploads\/Article-St-Sebastien-Variety-of-gray-st-sebastien_Final_FR.pdf\">NOUVELLE COULEUR: GRIS ST-S\u00c9BASTIEN<\/a><\/h5>\n<h5><a href=\"http:\/\/feltkutur.com\/wp-content\/uploads\/Article-St-Sebastien-Variety-of-gray-st-sebastien_Final_FR.pdf\">30 OCTOBRE 2018<\/a><\/h5>\n<h5><a href=\"http:\/\/feltkutur.com\/wp-content\/uploads\/Article-St-Sebastien-Variety-of-gray-st-sebastien_Final_FR.pdf\">Le Village de Saint-S\u00e9bastien a plus de 150 ans d\u2019existence.\u00a0<\/a>Situ\u00e9 dans les Cantons de l\u2019Est,Quebec, son territoire se\u00a0retrouve pr\u00e8s du Morne&#8230;\u00a0<\/h5>\n\t\t\t\t<a href=\"http:\/\/feltkutur.com\/wp-content\/uploads\/Article-Woburn-Inspir\u00e9-des-bois_Final_FR.pdf\" target=\"_blank\" rel=\"noopener\"  itemprop=\"url\">\n\t\t\t\t<img decoding=\"async\" src=\"http:\/\/feltkutur.com\/wp-content\/uploads\/Article-Woburn-Inspir\u00e9-des-bois_ImageReseauxSociaux_FR.png\" alt=\"Article Woburn - Inspir\u00e9 des bois_ImageReseauxSociaux_FR\" itemprop=\"image\" height=\"800\" width=\"800\" title=\"Article Woburn - Inspir\u00e9 des bois_ImageReseauxSociaux_FR\"  \/>\n\t\t\t\t<\/a>\n\t<a href=\"http:\/\/feltkutur.com\/wp-content\/uploads\/Article-Woburn-Inspir\u00e9-des-bois_Final_FR.pdf\">NOUVELLE COULEUR<\/a><br \/>\n<a href=\"http:\/\/feltkutur.com\/wp-content\/uploads\/Article-Woburn-Inspir\u00e9-des-bois_Final_FR.pdf\">L\u2019inspiration de la nouvelle couleur Woburn provient de\u00a0<\/a>Saint-Augustin-de-Woburn, situ\u00e9 dans les Cantons-de-l\u2019Est\u00a0de la r\u00e9gion du Qu\u00e9bec&#8230;\n\t\t\t\t<a href=\"http:\/\/feltkutur.com\/wp-content\/uploads\/Le-Circuit-Index-Final-FR.pdf\" target=\"_self\" itemprop=\"url\">\n\t\t\t\t<img decoding=\"async\" src=\"http:\/\/feltkutur.com\/wp-content\/uploads\/Photo-Circuits-Index-Design-Octobre2018-proportions.jpg\" alt=\"Photo-Circuits-Index-Design-Octobre2018-proportions\" itemprop=\"image\" height=\"980\" width=\"1741\" title=\"Photo-Circuits-Index-Design-Octobre2018-proportions\"  \/>\n\t\t\t\t<\/a>\n\t<h3><a href=\"http:\/\/feltkutur.com\/wp-content\/uploads\/Le-Circuit-Index-Final-FR.pdf\">Le Circuit Index-Design<\/a><\/h3>\n\n<a href=\"http:\/\/feltkutur.com\/wp-content\/uploads\/Le-Circuit-Index-Final-FR.pdf\">Cette ann\u00e9e marquait la 5e \u00e9dition du circuit se d\u00e9roulant dans le Quartier Design Royalmount le 27 septembre dernier. Le Circuit Index-Design est un parcours interactif permettant aux participants de conna\u00eetre plusieurs adresses montr\u00e9alaises dans le domaine du design et de l\u2019architecture<\/a><a href=\"http:\/\/feltkutur.com\/wp-content\/uploads\/Le-Circuit-Index-Final-FR.pdf\">&#8230;<\/a>\n\t\t\t\t<a href=\"http:\/\/feltkutur.com\/wp-content\/uploads\/En-vogue-Magazine-Final-FR.pdf\" target=\"_self\" itemprop=\"url\">\n\t\t\t\t<img decoding=\"async\" src=\"http:\/\/feltkutur.com\/wp-content\/uploads\/Photo-Team-En-vogue.jpg\" alt=\"Photo-Team-En-vogue\" itemprop=\"image\" height=\"1960\" width=\"2744\" title=\"Photo-Team-En-vogue\"  \/>\n\t\t\t\t<\/a>\n\t<h4><a href=\"http:\/\/feltkutur.com\/wp-content\/uploads\/En-vogue-Magazine-Final-FR.pdf\">WEBZINE <br \/>\n&#8220;EN VOGUE&#8221;<\/a><\/h4>\n<p><a href=\"http:\/\/feltkutur.com\/wp-content\/uploads\/En-vogue-Magazine-Final-FR.pdf\">L\u2019\u00e9quipe de Feltk\u00fctur est fi\u00e8re de vous annoncer le lancement de son tout nouveau webzine surnomm\u00e9 le \u00ab En Vogue \u00bb. Comme son appellation le laisse facilement deviner, un webzine d\u00e9signe la transposition sur le Web d\u2019un magazine, sans contrepartie imprim\u00e9e&#8230;<\/a><\/p>\n\t\t\t\t<img decoding=\"async\" src=\"http:\/\/feltkutur.com\/wp-content\/uploads\/Richelieu-image-2-1.jpg\" alt=\"Richelieu image -2\" itemprop=\"image\" height=\"1960\" width=\"4032\" title=\"Richelieu image -2\"  \/>\n\t<p><a href=\"http:\/\/feltkutur.com\/wp-content\/uploads\/Article-IWF-EN.pdf\">Ao\u00fbt 2018<\/a><\/p>\n<a href=\"http:\/\/feltkutur.com\/wp-content\/uploads\/Article-IWF-FR-2.pdf\"><strong>IWF\u00a02018-\u00a0Feltk\u00fctur\u00a0\u00e9tait\u00a0<br \/>\npr\u00e9sent\u00a0au\u00a0kiosque\u00a0<br \/>\nde\u00a0Richelieu<\/strong><\/a>\n<p><a href=\"http:\/\/feltkutur.com\/wp-content\/uploads\/Article-IWF-FR-2.pdf\">D\u00e8s l&#8217;ouverture du IWF, l&#8217;\u00e9quipe de Feltk\u00fctur \u00e9tait sur place afin de discuter avec les visiteurs et de pr\u00e9senter nos produits \u00e0 tous les participants int\u00e9ress\u00e9s&#8230;<\/a><\/p>\n\t\t\t\t<a href=\"https:\/\/www.beaucemedia.ca\/made-in-beauce-les-panneaux-acoustiques-feltkutur\/\" target=\"_self\" itemprop=\"url\">\n\t\t\t\t<img decoding=\"async\" src=\"http:\/\/feltkutur.com\/wp-content\/uploads\/Front-page-article-3.png\" alt=\"Front page article-3\" itemprop=\"image\" height=\"806\" width=\"654\" title=\"Front page article-3\"  \/>\n\t\t\t\t<\/a>\n\t<a href=\"https:\/\/www.beaucemedia.ca\/made-in-beauce-les-panneaux-acoustiques-feltkutur\/\">Juin 2018\u00a0<\/a><br \/>\n<a href=\"https:\/\/www.beaucemedia.ca\/made-in-beauce-les-panneaux-acoustiques-feltkutur\/\"><strong>\u00abMADE IN BEAUCE\u00bb<\/strong><\/a><br \/>\n<strong><a href=\"https:\/\/www.beaucemedia.ca\/made-in-beauce-les-panneaux-acoustiques-feltkutur\/\">Les panneaux acoustiques Feltk\u00fctur<\/a><br \/>\n<\/strong>Source de BeauceM\u00e9dia.ca:\u00a0<br \/>\n<a href=\"https:\/\/www.beaucemedia.ca\/made-in-beauce-les-panneaux-acoustiques-feltkutur\/\">https:\/\/www.beaucemedia.ca\/made-in-beauce-les-panneaux-acoustiques-feltkutur\/<\/a>\n\t\t\t\t<a href=\"https:\/\/www.nonwovens-industry.com\/issues\/2018-05\/view_features\/optimism-in-acoustics\/?widget=suggestedbox\" target=\"_blank\" rel=\"noopener\"  itemprop=\"url\">\n\t\t\t\t<img decoding=\"async\" src=\"http:\/\/feltkutur.com\/wp-content\/uploads\/nonwovenindustry201805_LydallFeltk\u00fctur.png\" alt=\"nonwovenindustry201805_Lydall(Feltk\u00fctur)\" itemprop=\"image\" height=\"870\" width=\"647\" title=\"nonwovenindustry201805_Lydall(Feltk\u00fctur)\"  \/>\n\t\t\t\t<\/a>\n\tMai 2018 (Anglais seulement)<br \/>\n<a href=\"https:\/\/www.nonwovens-industry.com\/issues\/2018-05\/view_features\/optimism-in-acoustics\/?widget=suggestedbox\"><strong>OPTIMISM IN ACOUSTICS<\/strong><\/a><br \/>\n<a href=\"https:\/\/www.nonwovens-industry.com\/issues\/2018-05\/view_features\/optimism-in-acoustics\/?widget=suggestedbox\"><strong>Producers see a bright future for nonwovens designed to absorb and block sound.<\/strong><\/a><br \/>\n<br \/>\n\n\t\t\t\t<img decoding=\"async\" src=\"http:\/\/feltkutur.com\/wp-content\/uploads\/New-colors-Blue-Red-Green.jpg\" alt=\"New colors (Blue-Red-Green)\" itemprop=\"image\" height=\"3526\" width=\"3526\" title=\"New colors (Blue-Red-Green)\"  \/>\n\t12 d\u00e9cembre 2017<br \/>\n<a href=\"https:\/\/www.linkedin.com\/feed\/update\/urn:li:activity:6346331052256038912\/\"><strong>Feltk\u00fctur\u00a0: Trois nouvelles couleurs disponibles<\/strong><\/a><br \/>\nNOUVEAU: Trois nouvelles couleurs sont maintenant disponibles dans la collection Feltk\u00fctur &#8211; des panneaux acoustiques mariant fontionnalit\u00e9 et design. Le temps de cr\u00e9er des d\u00e9cors feutr\u00e9s et color\u00e9s est maintenant arriv\u00e9 !\n\t\t\t\t<img decoding=\"async\" src=\"http:\/\/feltkutur.com\/wp-content\/uploads\/Open-House-Richelieu-Nov.-29th.png\" alt=\"Open House Richelieu Nov. 29th\" itemprop=\"image\" height=\"958\" width=\"738\" title=\"Open House Richelieu Nov. 29th\"  \/>\n\t27 novembre 2017<br \/>\n<a href=\"http:\/\/feltkutur.wpengine.com\/wp-content\/uploads\/pdf_1_An.pdf\"><strong><a href=\"http:\/\/feltkutur.wpengine.com\/wp-content\/uploads\/pdf_1_Fr.pdf\">Feltk\u00fctur tiendra une conf\u00e9rence sur l\u2019acoustique lors des Portes Ouvertes 2017 de Richelieu<\/a><\/strong><\/a>\n\t\t\t\t<a href=\"http:\/\/www.acqconstruire.com\/dossiers\/1828-du-nouveau-au-rayon-des-materiaux?utm_source=linkedin&#038;utm_medium=Article_DuNouveauAuRayonMat\" target=\"_self\" itemprop=\"url\">\n\t\t\t\t<img decoding=\"async\" src=\"http:\/\/feltkutur.com\/wp-content\/uploads\/Article-Magazine-Construire-Habitation-Feltkutur-235x300.png\" alt=\"Article-Magazine-Construire-Habitation-Feltkutur-235x300\" itemprop=\"image\" height=\"300\" width=\"235\" title=\"Article-Magazine-Construire-Habitation-Feltkutur-235x300\"  \/>\n\t\t\t\t<\/a>\n\tAUTOMNE 2017\u00a0<br \/>\n<a href=\"http:\/\/www.acqconstruire.com\/dossiers\/1828-du-nouveau-au-rayon-des-materiaux?utm_source=linkedin&amp;utm_medium=Article_DuNouveauAuRayonMat\"><strong>DU NOUVEAU AU RAYON DES MAT\u00c9RIAUX<\/strong><\/a><br \/>\n<a href=\"http:\/\/www.acqconstruire.com\/dossiers\/1828-du-nouveau-au-rayon-des-materiaux?utm_source=linkedin&amp;utm_medium=Article_DuNouveauAuRayonMat\"><strong>Des panneaux acoustiques design et performants<\/strong><\/a>\n","protected":false},"excerpt":{"rendered":"<p>\u00a0 \u00a0 \u00a0 FELTK\u00dcTUR, FAIT AU QU\u00c9BEC DEPUIS 1967 &nbsp; En 1977, pour la premi\u00e8re fois de son histoire, Texel d\u00e9passe le million de dollars en chiffre d\u2019affaires. En 1980, Texel continue de cro\u00eetre, l\u2019entreprise engage son premier directeur g\u00e9n\u00e9ral,\u00a0 [\u2026] FELTK\u00dcTUR: FAIT AU QU\u00c9BEC DEPUIS 1967 On se souvient que l\u2019ann\u00e9e 1967 fut marqu\u00e9e [&#8230;]<\/p>\n<p><a class=\"btn btn-secondary understrap-read-more-link\" href=\"https:\/\/feltkutur.com\/fr\/stories\/\">Read More&#8230;<\/a><\/p>\n","protected":false},"author":1,"featured_media":1283,"parent":0,"menu_order":0,"comment_status":"closed","ping_status":"closed","template":"page-templates\/empty.php","meta":{"_seopress_robots_primary_cat":"","_seopress_titles_title":"","_seopress_titles_desc":"","_seopress_robots_index":"","footnotes":""},"class_list":["post-1489","page","type-page","status-publish","has-post-thumbnail"],"_links":{"self":[{"href":"https:\/\/feltkutur.com\/fr\/wp-json\/wp\/v2\/pages\/1489","targetHints":{"allow":["GET"]}}],"collection":[{"href":"https:\/\/feltkutur.com\/fr\/wp-json\/wp\/v2\/pages"}],"about":[{"href":"https:\/\/feltkutur.com\/fr\/wp-json\/wp\/v2\/types\/page"}],"author":[{"embeddable":true,"href":"https:\/\/feltkutur.com\/fr\/wp-json\/wp\/v2\/users\/1"}],"replies":[{"embeddable":true,"href":"https:\/\/feltkutur.com\/fr\/wp-json\/wp\/v2\/comments?post=1489"}],"version-history":[{"count":0,"href":"https:\/\/feltkutur.com\/fr\/wp-json\/wp\/v2\/pages\/1489\/revisions"}],"wp:featuredmedia":[{"embeddable":true,"href":"https:\/\/feltkutur.com\/fr\/wp-json\/wp\/v2\/media\/1283"}],"wp:attachment":[{"href":"https:\/\/feltkutur.com\/fr\/wp-json\/wp\/v2\/media?parent=1489"}],"curies":[{"name":"wp","href":"https:\/\/api.w.org\/{rel}","templated":true}]}}