{"id":1462,"date":"2018-09-28T18:55:28","date_gmt":"2018-09-28T18:55:28","guid":{"rendered":"http:\/\/feltkutur.com\/?page_id=1462"},"modified":"2026-04-07T16:26:33","modified_gmt":"2026-04-07T20:26:33","slug":"panneaux-acoustiques","status":"publish","type":"page","link":"https:\/\/feltkutur.com\/fr\/panneaux-acoustiques\/","title":{"rendered":"Panneaux acoustiques insonorisants"},"content":{"rendered":"\n\n\t<h1>Produits INSONORISANTS Feltk\u00fctur<\/h1>\n<h3>\n\t\tVOTRE SOLUTION ACOUSTIQUE \n\t<\/h3>\n\t<ol>\n<li>Spacer 1 &#8211; NE PAS MODIFIER<\/li>\n<li>Spacer 2 &#8211; NE PAS MODIFIER<\/li>\n<li>\n<h3><a href=\"https:\/\/feltkutur.com\/fr\/panneaux-acoustiques-duotex\/\">D\u00fcotex<\/a><\/h3>\n<h6><strong>D\u00fcotex<\/strong> est un panneau acoustique en polyester, offert en \u00e9paisseurs de 6,4 mm ou 12 mm, dot\u00e9 d&#8217;une finition feutr\u00e9e.<\/h6>\n<\/li>\n<li>\n<h3><a href=\"https:\/\/feltkutur.com\/fr\/panneaux-acoustiques-tekboard\/\">Tekboard<\/a><\/h3>\n<h6><strong>Tekboard<\/strong> est un composite d&#8217;une \u00e9paisseur de 1-3\/4&#8221;en feutre PET \u00e0 structure alv\u00e9olaire offrant d&#8217;excellentes performances acoustiques..<\/h6>\n<\/li>\n<li>\n<h3><a href=\"#\">Minktex<\/a><\/h3>\n<h6><strong>Minktex<\/strong> est un mat\u00e9riau de recouvrement mince en polyester d&#8217;une \u00e9paisseur de 2,1\u202fmm.<\/h6>\n<\/li>\n<li>\n<h3><a href=\"https:\/\/feltkutur.com\/fr\/collection-feltvari\/\">Thermofit<\/a><\/h3>\n<h6><strong>Thermofit<\/strong> est une solution acoustique en polyester de 9\u202fmm,12mm ou 18mm d&#8217;\u00e9paisseur, avec une finition lisse.<\/h6>\n<\/li>\n<\/ol>\n\t\t\t<a href=\"https:\/\/feltkutur.com\/fr\/contactez-nous\/\" target=\"_blank\" rel=\"noopener\">\n\t\t\t\t\t\t\tDEMANDER UNE SOUMISSION POUR VOTRE PROJET!\n\t\t\t\t\t<\/a>\n<h1>\n\t\tD\u00c9COUVREZ NOS PANNEAUX ACOUSTIQUES\n\t<\/h1>\n<h3>\n\t\tFELTK\u00dcTUR OFFRE DES SOLUTIONS D&#8217;INSONORISATION ACOUSTIQUE ADAPT\u00c9ES \u00c0 VOTRE ENVIRONNEMENT\n\t<\/h3>\n\t<p>D\u00c9COUVREZ NOS <a href=\"https:\/\/feltkutur.com\/fr\/collection-gaia\/\"><strong>TUILES ACOUSTIQUES<\/strong><\/a><\/p>\n\t<p>D\u00c9COUVREZ NOS <a href=\"https:\/\/feltkutur.com\/fr\/plafonniers-acoustiques-quadra\/\"><strong>PLAFONNIERS ACOUSTIQUES<\/strong><\/a><\/p>\n\t<p>D\u00c9COUVREZ NOS <a href=\"https:\/\/feltkutur.com\/renaissance-collection\/\"><strong>RIDEAUX ACOUSTIQUES<\/strong><\/a><\/p>\n\t<p>D\u00c9COUVREZ NOS <a href=\"https:\/\/feltkutur.com\/fr\/tekboard-studio\/\"><strong>PANNEAUX ACOUSTIQUES MURAUX<\/strong><\/a><\/p>\n\t<p>CR\u00c9EZ VOTRE ENVIRONNEMENT VIRTUEL AVEC <strong>FELTK\u00dcTUR ILLUSION<\/strong><\/p>\n\t<p>Les solutions d&#8217;insonorisation acoustique de Feltk\u00fctur peuvent s&#8217;appliquer \u00e0 votre environnement, qu&#8217;il s&#8217;agisse d&#8217;am\u00e9liorer l&#8217;absorption acoustique dans un espace de travail collaboratif, un hall d&#8217;entr\u00e9e, un restaurant, une caf\u00e9t\u00e9ria, etc. Nos panneaux d&#8217;insonorisation ajouteront de l&#8217;\u00e9l\u00e9gance et de la texture \u00e0 vos murs tout en assurant l&#8217;absorption acoustique.<\/p>\n\t<iframe width=\"560\" height=\"315\" src=\"https:\/\/www.youtube.com\/embed\/TYdLWniTvNg\" title=\"YouTube video player\" frameborder=\"0\" allow=\"accelerometer; autoplay; clipboard-write; encrypted-media; gyroscope; picture-in-picture; web-share\" allowfullscreen><\/iframe>\n\t\t\t<a href=\"https:\/\/feltkutur.com\/fr\/configurateur-3d\/\" target=\"_blank\" rel=\"noopener\">\n\t\t\t\t\t\t\tCLIQUEZ ICI POUR ESSAYEZ NOTRE CONFIGURATEUR 3D\n\t\t\t\t\t<\/a>\n\t<h2>AM\u00c9LIOREZ L&#8217;INSONORISATION ACOUSTIQUE DE VOTRE ESPACE AVEC LES PANNEAUX ACOUSTIQUES FELTK\u00dcTUR !<\/h2>\n\t<p>Feltk\u00fctur offre une gamme de panneaux acoustique pouvant s&#8217;agencer \u00e0 tous vos projets. De plus en plus, les consommateurs sont \u00e0 la recherche d&#8217;environnements calmes et silencieux. Les panneaux acoustiques permettent de maximiser l&#8217;absorption sonore et de limiter la transmission du bruit int\u00e9rieur, qui est devenu un r\u00e9el d\u00e9fi pour les architectes et designers. Que ce soit pour concevoir vos syst\u00e8mes de <strong>plafond acoustique, vos tuiles murales, vos mobiliers de bureau ou vos murs acoustiques<\/strong>, les panneaux d&#8217;insonorisation Feltk\u00fctur vous permettront de laisser place \u00e0 votre cr\u00e9ativit\u00e9.<\/p>\n\n","protected":false},"excerpt":{"rendered":"<p>Produits INSONORISANTS Feltk\u00fctur VOTRE SOLUTION ACOUSTIQUE Spacer 1 &#8211; NE PAS MODIFIER Spacer 2 &#8211; NE PAS MODIFIER D\u00fcotex D\u00fcotex est un panneau acoustique en polyester, offert en \u00e9paisseurs de 6,4 mm ou 12 mm, dot\u00e9 d&#8217;une finition feutr\u00e9e. Tekboard Tekboard est un composite d&#8217;une \u00e9paisseur de 1-3\/4&#8221;en feutre PET \u00e0 structure alv\u00e9olaire offrant d&#8217;excellentes [&#8230;]<\/p>\n<p><a class=\"btn btn-secondary understrap-read-more-link\" href=\"https:\/\/feltkutur.com\/fr\/panneaux-acoustiques\/\">Read More&#8230;<\/a><\/p>\n","protected":false},"author":1,"featured_media":0,"parent":0,"menu_order":0,"comment_status":"closed","ping_status":"closed","template":"","meta":{"_seopress_robots_primary_cat":"","_seopress_titles_title":"","_seopress_titles_desc":"Produits insonorisants feltk\u00fctur,votre solution acoustique, D\u00fcotex, Tekboard et Feltv\u00e4ri","_seopress_robots_index":"","footnotes":""},"class_list":["post-1462","page","type-page","status-publish"],"_links":{"self":[{"href":"https:\/\/feltkutur.com\/fr\/wp-json\/wp\/v2\/pages\/1462","targetHints":{"allow":["GET"]}}],"collection":[{"href":"https:\/\/feltkutur.com\/fr\/wp-json\/wp\/v2\/pages"}],"about":[{"href":"https:\/\/feltkutur.com\/fr\/wp-json\/wp\/v2\/types\/page"}],"author":[{"embeddable":true,"href":"https:\/\/feltkutur.com\/fr\/wp-json\/wp\/v2\/users\/1"}],"replies":[{"embeddable":true,"href":"https:\/\/feltkutur.com\/fr\/wp-json\/wp\/v2\/comments?post=1462"}],"version-history":[{"count":0,"href":"https:\/\/feltkutur.com\/fr\/wp-json\/wp\/v2\/pages\/1462\/revisions"}],"wp:attachment":[{"href":"https:\/\/feltkutur.com\/fr\/wp-json\/wp\/v2\/media?parent=1462"}],"curies":[{"name":"wp","href":"https:\/\/api.w.org\/{rel}","templated":true}]}}